{"id":937,"date":"2026-01-23T11:25:19","date_gmt":"2026-01-23T10:25:19","guid":{"rendered":"https:\/\/ilm-editions.fr\/?post_type=product&#038;p=937"},"modified":"2026-03-14T15:47:03","modified_gmt":"2026-03-14T14:47:03","slug":"lhistoire-perdue-de-lislam-pour-une-redecouverte-de-la-civilisation-musulmane","status":"publish","type":"product","link":"https:\/\/ilm-editions.fr\/index.php\/produit\/lhistoire-perdue-de-lislam-pour-une-redecouverte-de-la-civilisation-musulmane\/","title":{"rendered":"L&rsquo;histoire perdue de l&rsquo;islam : pour une red\u00e9couverte de la civilisation musulmane"},"content":{"rendered":"<p>Pendant plus de quatorze si\u00e8cles, le monde musulman a compt\u00e9 parmi les grands foyers de la civilisation. Des dynasties et des empires se sont succ\u00e9d\u00e9 sur trois continents, de la France m\u00e9ridionale \u00e0 l\u2019Afrique orientale, jusqu\u2019\u00e0 l\u2019Asie du Sud-Est. Dans cet immense espace, se sont affirm\u00e9s des pouvoirs durables, des \u00e9changes intenses et une culture brillante, port\u00e9e par des avanc\u00e9es majeures dans les sciences, les arts et la pens\u00e9e.<\/p>\n<p>Succ\u00e8s international, <em>L&rsquo;histoire Perdue de l&rsquo;Islam<\/em> retrace cette histoire foisonnante. Firas Alkhateeb, historien et auteur contemporain, conduit le lecteur de la p\u00e9riode proph\u00e9tique aux \u00c9tats contemporains, en faisant revivre les grandes \u00e9tapes, les figures marquantes et les tournants d\u00e9cisifs de cette civilisation. Il traverse les premiers califats, les dynasties omeyyade et abbasside, les empires ottoman, safavide et moghol, ainsi que les bouleversements de l\u2019\u00e9poque moderne et les traumatismes du colonialisme.<\/p>\n<p>Ce livre s\u2019adresse \u00e0 tous ceux qui souhaitent comprendre le monde musulman \u00e0 travers son histoire. Il \u00e9claire ses h\u00e9ritages, ses grandeurs, ses divisions et ses renaissances. Un ouvrage essentiel pour red\u00e9couvrir, au-del\u00e0 des pr\u00e9jug\u00e9s, la richesse d\u2019une civilisation majeure.<\/p>\n","protected":false},"excerpt":{"rendered":"<p>Pendant quatorze si\u00e8cles, le monde musulman a rayonn\u00e9 sur trois continents par sa puissance et sa richesse culturelle. <em>L\u2019Histoire Perdue de l\u2019Islam<\/em> de Firas Alkhateeb retrace cette histoire, des origines aux \u00c9tats modernes, en passant par les grands califats et empires, pour mieux comprendre cet h\u00e9ritage au-del\u00e0 des clich\u00e9s.<\/p>\n<p><strong>Parution pr\u00e9vue mi-avril 2026.<\/strong><\/p>\n[3d-flip-book mode=\"link-lightbox\" id=\"945\" template=\"short-white-book-view\" lightbox=\"light\"]<strong>Lire les premi\u00e8res pages<\/strong>[\/3d-flip-book]\n","protected":false},"featured_media":938,"comment_status":"open","ping_status":"closed","template":"","meta":[],"product_brand":[],"product_cat":[42,39],"product_tag":[],"class_list":{"0":"post-937","1":"product","2":"type-product","3":"status-publish","4":"has-post-thumbnail","6":"product_cat-civilisation","7":"product_cat-essai","8":"product_shipping_class-colis","10":"first","11":"outofstock","12":"shipping-taxable","13":"purchasable","14":"product-type-simple"},"yoast_head":"<!-- This site is optimized with the Yoast SEO plugin v25.1 - https:\/\/yoast.com\/wordpress\/plugins\/seo\/ -->\n<title>L&#039;histoire perdue de l&#039;islam : pour une red\u00e9couverte de la civilisation musulmane - Ilm Editions<\/title>\n<meta name=\"robots\" content=\"index, follow, max-snippet:-1, max-image-preview:large, max-video-preview:-1\" \/>\n<link rel=\"canonical\" href=\"https:\/\/ilm-editions.fr\/index.php\/produit\/lhistoire-perdue-de-lislam-pour-une-redecouverte-de-la-civilisation-musulmane\/\" \/>\n<meta property=\"og:locale\" content=\"fr_FR\" \/>\n<meta property=\"og:type\" content=\"article\" \/>\n<meta property=\"og:title\" content=\"L&#039;histoire perdue de l&#039;islam : pour une red\u00e9couverte de la civilisation musulmane - Ilm Editions\" \/>\n<meta property=\"og:description\" content=\"Pendant quatorze si\u00e8cles, le monde musulman a rayonn\u00e9 sur trois continents par sa puissance et sa richesse culturelle. L\u2019Histoire Perdue de l\u2019Islam de Firas Alkhateeb retrace cette histoire, des origines aux \u00c9tats modernes, en passant par les grands califats et empires, pour mieux comprendre cet h\u00e9ritage au-del\u00e0 des clich\u00e9s.  Parution pr\u00e9vue mi-avril 2026.\" \/>\n<meta property=\"og:url\" content=\"https:\/\/ilm-editions.fr\/index.php\/produit\/lhistoire-perdue-de-lislam-pour-une-redecouverte-de-la-civilisation-musulmane\/\" \/>\n<meta property=\"og:site_name\" content=\"Ilm Editions\" \/>\n<meta property=\"article:publisher\" content=\"https:\/\/www.facebook.com\/ilm.editions.fr\" \/>\n<meta property=\"article:modified_time\" content=\"2026-03-14T14:47:03+00:00\" \/>\n<meta property=\"og:image\" content=\"https:\/\/ilm-editions.fr\/wp-content\/uploads\/2026\/01\/OK-59.png\" \/>\n\t<meta property=\"og:image:width\" content=\"1600\" \/>\n\t<meta property=\"og:image:height\" content=\"2500\" \/>\n\t<meta property=\"og:image:type\" content=\"image\/png\" \/>\n<meta name=\"twitter:card\" content=\"summary_large_image\" \/>\n<meta name=\"twitter:label1\" content=\"Dur\u00e9e de lecture estim\u00e9e\" \/>\n\t<meta name=\"twitter:data1\" content=\"2 minutes\" \/>\n<script type=\"application\/ld+json\" class=\"yoast-schema-graph\">{\"@context\":\"https:\/\/schema.org\",\"@graph\":[{\"@type\":\"WebPage\",\"@id\":\"https:\/\/ilm-editions.fr\/index.php\/produit\/lhistoire-perdue-de-lislam-pour-une-redecouverte-de-la-civilisation-musulmane\/\",\"url\":\"https:\/\/ilm-editions.fr\/index.php\/produit\/lhistoire-perdue-de-lislam-pour-une-redecouverte-de-la-civilisation-musulmane\/\",\"name\":\"L'histoire perdue de l'islam : pour une red\u00e9couverte de la civilisation musulmane - Ilm Editions\",\"isPartOf\":{\"@id\":\"https:\/\/ilm-editions.fr\/#website\"},\"primaryImageOfPage\":{\"@id\":\"https:\/\/ilm-editions.fr\/index.php\/produit\/lhistoire-perdue-de-lislam-pour-une-redecouverte-de-la-civilisation-musulmane\/#primaryimage\"},\"image\":{\"@id\":\"https:\/\/ilm-editions.fr\/index.php\/produit\/lhistoire-perdue-de-lislam-pour-une-redecouverte-de-la-civilisation-musulmane\/#primaryimage\"},\"thumbnailUrl\":\"https:\/\/ilm-editions.fr\/wp-content\/uploads\/2026\/01\/OK-59.png\",\"datePublished\":\"2026-01-23T10:25:19+00:00\",\"dateModified\":\"2026-03-14T14:47:03+00:00\",\"breadcrumb\":{\"@id\":\"https:\/\/ilm-editions.fr\/index.php\/produit\/lhistoire-perdue-de-lislam-pour-une-redecouverte-de-la-civilisation-musulmane\/#breadcrumb\"},\"inLanguage\":\"fr-FR\",\"potentialAction\":[{\"@type\":\"ReadAction\",\"target\":[\"https:\/\/ilm-editions.fr\/index.php\/produit\/lhistoire-perdue-de-lislam-pour-une-redecouverte-de-la-civilisation-musulmane\/\"]}]},{\"@type\":\"ImageObject\",\"inLanguage\":\"fr-FR\",\"@id\":\"https:\/\/ilm-editions.fr\/index.php\/produit\/lhistoire-perdue-de-lislam-pour-une-redecouverte-de-la-civilisation-musulmane\/#primaryimage\",\"url\":\"https:\/\/ilm-editions.fr\/wp-content\/uploads\/2026\/01\/OK-59.png\",\"contentUrl\":\"https:\/\/ilm-editions.fr\/wp-content\/uploads\/2026\/01\/OK-59.png\",\"width\":1600,\"height\":2500},{\"@type\":\"BreadcrumbList\",\"@id\":\"https:\/\/ilm-editions.fr\/index.php\/produit\/lhistoire-perdue-de-lislam-pour-une-redecouverte-de-la-civilisation-musulmane\/#breadcrumb\",\"itemListElement\":[{\"@type\":\"ListItem\",\"position\":1,\"name\":\"Accueil\",\"item\":\"https:\/\/ilm-editions.fr\/\"},{\"@type\":\"ListItem\",\"position\":2,\"name\":\"Nos ouvrages\",\"item\":\"https:\/\/ilm-editions.fr\/index.php\/shop\/\"},{\"@type\":\"ListItem\",\"position\":3,\"name\":\"L&rsquo;histoire perdue de l&rsquo;islam : pour une red\u00e9couverte de la civilisation musulmane\"}]},{\"@type\":\"WebSite\",\"@id\":\"https:\/\/ilm-editions.fr\/#website\",\"url\":\"https:\/\/ilm-editions.fr\/\",\"name\":\"Ilm Editions\",\"description\":\"Maison d&#039;\u00e9dition d\u00e9di\u00e9e \u00e0 l&#039;islam\",\"publisher\":{\"@id\":\"https:\/\/ilm-editions.fr\/#organization\"},\"potentialAction\":[{\"@type\":\"SearchAction\",\"target\":{\"@type\":\"EntryPoint\",\"urlTemplate\":\"https:\/\/ilm-editions.fr\/?s={search_term_string}\"},\"query-input\":{\"@type\":\"PropertyValueSpecification\",\"valueRequired\":true,\"valueName\":\"search_term_string\"}}],\"inLanguage\":\"fr-FR\"},{\"@type\":\"Organization\",\"@id\":\"https:\/\/ilm-editions.fr\/#organization\",\"name\":\"Ilm Editions\",\"url\":\"https:\/\/ilm-editions.fr\/\",\"logo\":{\"@type\":\"ImageObject\",\"inLanguage\":\"fr-FR\",\"@id\":\"https:\/\/ilm-editions.fr\/#\/schema\/logo\/image\/\",\"url\":\"https:\/\/ilm-editions.fr\/wp-content\/uploads\/2022\/12\/5.png\",\"contentUrl\":\"https:\/\/ilm-editions.fr\/wp-content\/uploads\/2022\/12\/5.png\",\"width\":500,\"height\":500,\"caption\":\"Ilm Editions\"},\"image\":{\"@id\":\"https:\/\/ilm-editions.fr\/#\/schema\/logo\/image\/\"},\"sameAs\":[\"https:\/\/www.facebook.com\/ilm.editions.fr\",\"https:\/\/www.instagram.com\/ilm_editions\/\"]}]}<\/script>\n<!-- \/ Yoast SEO plugin. -->","yoast_head_json":{"title":"L'histoire perdue de l'islam : pour une red\u00e9couverte de la civilisation musulmane - Ilm Editions","robots":{"index":"index","follow":"follow","max-snippet":"max-snippet:-1","max-image-preview":"max-image-preview:large","max-video-preview":"max-video-preview:-1"},"canonical":"https:\/\/ilm-editions.fr\/index.php\/produit\/lhistoire-perdue-de-lislam-pour-une-redecouverte-de-la-civilisation-musulmane\/","og_locale":"fr_FR","og_type":"article","og_title":"L'histoire perdue de l'islam : pour une red\u00e9couverte de la civilisation musulmane - Ilm Editions","og_description":"Pendant quatorze si\u00e8cles, le monde musulman a rayonn\u00e9 sur trois continents par sa puissance et sa richesse culturelle. L\u2019Histoire Perdue de l\u2019Islam de Firas Alkhateeb retrace cette histoire, des origines aux \u00c9tats modernes, en passant par les grands califats et empires, pour mieux comprendre cet h\u00e9ritage au-del\u00e0 des clich\u00e9s.  Parution pr\u00e9vue mi-avril 2026.","og_url":"https:\/\/ilm-editions.fr\/index.php\/produit\/lhistoire-perdue-de-lislam-pour-une-redecouverte-de-la-civilisation-musulmane\/","og_site_name":"Ilm Editions","article_publisher":"https:\/\/www.facebook.com\/ilm.editions.fr","article_modified_time":"2026-03-14T14:47:03+00:00","og_image":[{"width":1600,"height":2500,"url":"https:\/\/ilm-editions.fr\/wp-content\/uploads\/2026\/01\/OK-59.png","type":"image\/png"}],"twitter_card":"summary_large_image","twitter_misc":{"Dur\u00e9e de lecture estim\u00e9e":"2 minutes"},"schema":{"@context":"https:\/\/schema.org","@graph":[{"@type":"WebPage","@id":"https:\/\/ilm-editions.fr\/index.php\/produit\/lhistoire-perdue-de-lislam-pour-une-redecouverte-de-la-civilisation-musulmane\/","url":"https:\/\/ilm-editions.fr\/index.php\/produit\/lhistoire-perdue-de-lislam-pour-une-redecouverte-de-la-civilisation-musulmane\/","name":"L'histoire perdue de l'islam : pour une red\u00e9couverte de la civilisation musulmane - Ilm Editions","isPartOf":{"@id":"https:\/\/ilm-editions.fr\/#website"},"primaryImageOfPage":{"@id":"https:\/\/ilm-editions.fr\/index.php\/produit\/lhistoire-perdue-de-lislam-pour-une-redecouverte-de-la-civilisation-musulmane\/#primaryimage"},"image":{"@id":"https:\/\/ilm-editions.fr\/index.php\/produit\/lhistoire-perdue-de-lislam-pour-une-redecouverte-de-la-civilisation-musulmane\/#primaryimage"},"thumbnailUrl":"https:\/\/ilm-editions.fr\/wp-content\/uploads\/2026\/01\/OK-59.png","datePublished":"2026-01-23T10:25:19+00:00","dateModified":"2026-03-14T14:47:03+00:00","breadcrumb":{"@id":"https:\/\/ilm-editions.fr\/index.php\/produit\/lhistoire-perdue-de-lislam-pour-une-redecouverte-de-la-civilisation-musulmane\/#breadcrumb"},"inLanguage":"fr-FR","potentialAction":[{"@type":"ReadAction","target":["https:\/\/ilm-editions.fr\/index.php\/produit\/lhistoire-perdue-de-lislam-pour-une-redecouverte-de-la-civilisation-musulmane\/"]}]},{"@type":"ImageObject","inLanguage":"fr-FR","@id":"https:\/\/ilm-editions.fr\/index.php\/produit\/lhistoire-perdue-de-lislam-pour-une-redecouverte-de-la-civilisation-musulmane\/#primaryimage","url":"https:\/\/ilm-editions.fr\/wp-content\/uploads\/2026\/01\/OK-59.png","contentUrl":"https:\/\/ilm-editions.fr\/wp-content\/uploads\/2026\/01\/OK-59.png","width":1600,"height":2500},{"@type":"BreadcrumbList","@id":"https:\/\/ilm-editions.fr\/index.php\/produit\/lhistoire-perdue-de-lislam-pour-une-redecouverte-de-la-civilisation-musulmane\/#breadcrumb","itemListElement":[{"@type":"ListItem","position":1,"name":"Accueil","item":"https:\/\/ilm-editions.fr\/"},{"@type":"ListItem","position":2,"name":"Nos ouvrages","item":"https:\/\/ilm-editions.fr\/index.php\/shop\/"},{"@type":"ListItem","position":3,"name":"L&rsquo;histoire perdue de l&rsquo;islam : pour une red\u00e9couverte de la civilisation musulmane"}]},{"@type":"WebSite","@id":"https:\/\/ilm-editions.fr\/#website","url":"https:\/\/ilm-editions.fr\/","name":"Ilm Editions","description":"Maison d&#039;\u00e9dition d\u00e9di\u00e9e \u00e0 l&#039;islam","publisher":{"@id":"https:\/\/ilm-editions.fr\/#organization"},"potentialAction":[{"@type":"SearchAction","target":{"@type":"EntryPoint","urlTemplate":"https:\/\/ilm-editions.fr\/?s={search_term_string}"},"query-input":{"@type":"PropertyValueSpecification","valueRequired":true,"valueName":"search_term_string"}}],"inLanguage":"fr-FR"},{"@type":"Organization","@id":"https:\/\/ilm-editions.fr\/#organization","name":"Ilm Editions","url":"https:\/\/ilm-editions.fr\/","logo":{"@type":"ImageObject","inLanguage":"fr-FR","@id":"https:\/\/ilm-editions.fr\/#\/schema\/logo\/image\/","url":"https:\/\/ilm-editions.fr\/wp-content\/uploads\/2022\/12\/5.png","contentUrl":"https:\/\/ilm-editions.fr\/wp-content\/uploads\/2022\/12\/5.png","width":500,"height":500,"caption":"Ilm Editions"},"image":{"@id":"https:\/\/ilm-editions.fr\/#\/schema\/logo\/image\/"},"sameAs":["https:\/\/www.facebook.com\/ilm.editions.fr","https:\/\/www.instagram.com\/ilm_editions\/"]}]}},"jetpack_sharing_enabled":true,"_links":{"self":[{"href":"https:\/\/ilm-editions.fr\/index.php\/wp-json\/wp\/v2\/product\/937","targetHints":{"allow":["GET"]}}],"collection":[{"href":"https:\/\/ilm-editions.fr\/index.php\/wp-json\/wp\/v2\/product"}],"about":[{"href":"https:\/\/ilm-editions.fr\/index.php\/wp-json\/wp\/v2\/types\/product"}],"replies":[{"embeddable":true,"href":"https:\/\/ilm-editions.fr\/index.php\/wp-json\/wp\/v2\/comments?post=937"}],"wp:featuredmedia":[{"embeddable":true,"href":"https:\/\/ilm-editions.fr\/index.php\/wp-json\/wp\/v2\/media\/938"}],"wp:attachment":[{"href":"https:\/\/ilm-editions.fr\/index.php\/wp-json\/wp\/v2\/media?parent=937"}],"wp:term":[{"taxonomy":"product_brand","embeddable":true,"href":"https:\/\/ilm-editions.fr\/index.php\/wp-json\/wp\/v2\/product_brand?post=937"},{"taxonomy":"product_cat","embeddable":true,"href":"https:\/\/ilm-editions.fr\/index.php\/wp-json\/wp\/v2\/product_cat?post=937"},{"taxonomy":"product_tag","embeddable":true,"href":"https:\/\/ilm-editions.fr\/index.php\/wp-json\/wp\/v2\/product_tag?post=937"}],"curies":[{"name":"wp","href":"https:\/\/api.w.org\/{rel}","templated":true}]}}